{"id":2054,"date":"2022-07-12T17:53:43","date_gmt":"2022-07-12T15:53:43","guid":{"rendered":"https:\/\/fauvarque-cm.fr\/?page_id=2054"},"modified":"2022-07-12T17:56:05","modified_gmt":"2022-07-12T15:56:05","slug":"mentions-legales","status":"publish","type":"page","link":"https:\/\/fauvarque-cm.fr\/index.php\/mentions-legales\/","title":{"rendered":"Mentions l\u00e9gales"},"content":{"rendered":"\n<p>Etablissements Fauvarque, soci\u00e9t\u00e9 \u00e0 responsabilit\u00e9 limit\u00e9e.<br>RCS: Lille Metropole B 804\u00a0606\u00a0630<br>Num\u00e9ro TVA intracommunautaire : FR25804606630<br>Capital social : 750 000\u20ac<br>Z.I. Rue Gay Lussac<br>59 147 Gondecourt<\/p>\n\n\n\n<p>03 20 32 77 41<br>Mail : <a href=\"https:\/\/fauvarque-cm.fr\/index.php\/contact\/\" data-type=\"URL\" data-id=\"https:\/\/fauvarque-cm.fr\/index.php\/contact\/\">Formulaire de contact<\/a><\/p>\n\n\n\n<p>Hebergeur : OVH, Si\u00e8ge social : 2 rue Kellermann &#8211; 59100 Roubaix &#8211; France<\/p>\n","protected":false},"excerpt":{"rendered":"<p>Etablissements Fauvarque, soci\u00e9t\u00e9 \u00e0 responsabilit\u00e9 limit\u00e9e.RCS: Lille Metropole B 804\u00a0606\u00a0630Num\u00e9ro TVA intracommunautaire : FR25804606630Capital social : 750 000\u20acZ.I. Rue Gay Lussac59 147 Gondecourt 03 20 32 77 41Mail : Formulaire de contact Hebergeur : OVH, Si\u00e8ge social : 2 rue Kellermann &#8211; 59100 Roubaix &#8211; France<\/p>\n","protected":false},"author":1,"featured_media":0,"parent":0,"menu_order":0,"comment_status":"closed","ping_status":"closed","template":"","meta":{"site-sidebar-layout":"default","site-content-layout":"","ast-site-content-layout":"default","site-content-style":"default","site-sidebar-style":"default","ast-global-header-display":"","ast-banner-title-visibility":"","ast-main-header-display":"","ast-hfb-above-header-display":"","ast-hfb-below-header-display":"","ast-hfb-mobile-header-display":"","site-post-title":"","ast-breadcrumbs-content":"","ast-featured-img":"","footer-sml-layout":"","theme-transparent-header-meta":"","adv-header-id-meta":"","stick-header-meta":"","header-above-stick-meta":"","header-main-stick-meta":"","header-below-stick-meta":"","astra-migrate-meta-layouts":"default","ast-page-background-enabled":"default","ast-page-background-meta":{"desktop":{"background-color":"","background-image":"","background-repeat":"repeat","background-position":"center center","background-size":"auto","background-attachment":"scroll","background-type":"","background-media":"","overlay-type":"","overlay-color":"","overlay-opacity":"","overlay-gradient":""},"tablet":{"background-color":"","background-image":"","background-repeat":"repeat","background-position":"center center","background-size":"auto","background-attachment":"scroll","background-type":"","background-media":"","overlay-type":"","overlay-color":"","overlay-opacity":"","overlay-gradient":""},"mobile":{"background-color":"","background-image":"","background-repeat":"repeat","background-position":"center center","background-size":"auto","background-attachment":"scroll","background-type":"","background-media":"","overlay-type":"","overlay-color":"","overlay-opacity":"","overlay-gradient":""}},"ast-content-background-meta":{"desktop":{"background-color":"var(--ast-global-color-5)","background-image":"","background-repeat":"repeat","background-position":"center center","background-size":"auto","background-attachment":"scroll","background-type":"","background-media":"","overlay-type":"","overlay-color":"","overlay-opacity":"","overlay-gradient":""},"tablet":{"background-color":"var(--ast-global-color-5)","background-image":"","background-repeat":"repeat","background-position":"center center","background-size":"auto","background-attachment":"scroll","background-type":"","background-media":"","overlay-type":"","overlay-color":"","overlay-opacity":"","overlay-gradient":""},"mobile":{"background-color":"var(--ast-global-color-5)","background-image":"","background-repeat":"repeat","background-position":"center center","background-size":"auto","background-attachment":"scroll","background-type":"","background-media":"","overlay-type":"","overlay-color":"","overlay-opacity":"","overlay-gradient":""}},"footnotes":""},"class_list":["post-2054","page","type-page","status-publish","hentry"],"_links":{"self":[{"href":"https:\/\/fauvarque-cm.fr\/index.php\/wp-json\/wp\/v2\/pages\/2054","targetHints":{"allow":["GET"]}}],"collection":[{"href":"https:\/\/fauvarque-cm.fr\/index.php\/wp-json\/wp\/v2\/pages"}],"about":[{"href":"https:\/\/fauvarque-cm.fr\/index.php\/wp-json\/wp\/v2\/types\/page"}],"author":[{"embeddable":true,"href":"https:\/\/fauvarque-cm.fr\/index.php\/wp-json\/wp\/v2\/users\/1"}],"replies":[{"embeddable":true,"href":"https:\/\/fauvarque-cm.fr\/index.php\/wp-json\/wp\/v2\/comments?post=2054"}],"version-history":[{"count":3,"href":"https:\/\/fauvarque-cm.fr\/index.php\/wp-json\/wp\/v2\/pages\/2054\/revisions"}],"predecessor-version":[{"id":2064,"href":"https:\/\/fauvarque-cm.fr\/index.php\/wp-json\/wp\/v2\/pages\/2054\/revisions\/2064"}],"wp:attachment":[{"href":"https:\/\/fauvarque-cm.fr\/index.php\/wp-json\/wp\/v2\/media?parent=2054"}],"curies":[{"name":"wp","href":"https:\/\/api.w.org\/{rel}","templated":true}]}}